{"id":75,"date":"2016-04-13T13:52:55","date_gmt":"2016-04-13T12:52:55","guid":{"rendered":"http:\/\/zrcola.zrc-sazu.si\/?page_id=75"},"modified":"2016-10-18T09:34:47","modified_gmt":"2016-10-18T08:34:47","slug":"faq","status":"publish","type":"page","link":"https:\/\/zrcola.zrc-sazu.si\/en\/info\/faq\/","title":{"rendered":"FAQ"},"content":{"rendered":"<ul>\n<li><strong><a href=\"#Update10beta\">Why isn&#8217;t ZRCola updating automatically on my computer?<\/a><\/strong><\/li>\n<li><strong><a href=\"#Brezplacna_Uporaba\">Is the use of ZRCola free of charge?<\/a><\/strong><\/li>\n<li><strong><a href=\"#Dograjevanje\">Is ZRCola continuously upgraded?<\/a><\/strong><\/li>\n<li><strong><a href=\"#Ime_pomen\">What does ZRCola stand for?<\/a><\/strong><\/li>\n<li><strong><a href=\"#00ZRCola\">What is the relation between fonts ZRCola and 00 ZRCola?<\/a><\/strong><\/li>\n<\/ul>\n<p><a name=\"Update10beta\"><\/a><\/p>\n<p class=\"small\">&nbsp;<\/p>\n<h3>Why isn&#8217;t ZRCola updating automatically on my computer?<\/h3>\n<p>Unless you <a href=\"http:\/\/zrcola.zrc-sazu.si\/install\/#Posodabljanje\">manually disabled<\/a> this option during installation, ZRCola should update automatically by default.<\/p>\n<p>Because of the way Task Manager schedules updates, Windows 10 users might experience problems with automated updates of some of the earlier versions of ZRCola (up to and including v. 2.0-beta10).<br \/>\nThe issue can be solved in three ways:<\/p>\n<ul>\n<li>by leaving the computer turned on during the night,\n<li>by manually starting the ZRCola update task in Task Manager,\n<li>by manually downloading and installing the latest version of ZRCola.\n<\/ul>\n<div style=\"text-align:right\"><a href=\"#\">\u2190&nbsp;&nbsp;Na vrh<\/a><\/div>\n<p><a name=\"Brezplacna_Uporaba\"><\/a><\/p>\n<p class=\"small\">&nbsp;<\/p>\n<h3>Is the use of ZRCola free of charge?<\/h3>\n<p>The use of the ZRCola input system is free in compliance with the <a href=\"http:\/\/www.gnu.org\/licenses\/gpl-3.0.html\">GNU General Public License v3<\/a>. <\/p>\n<p>Texts made using ZRCola have to include in a footnote or some other appropriate part of the publication the following note (<a href=\"http:\/\/zrcola.zrc-sazu.si\/wp-content\/uploads\/2016\/10\/ZRCola_obvestilo_20161013.pdf\">more languages<\/a>):<\/p>\n<table>\n<tr>\n<td><em>This text was written using the ZRCola input system (<a href=\"http:\/\/zrcola.zrc-sazu.si\">http:\/\/zrcola.zrc-sazu.si<\/a>), developed at the Research Centre of SAZU in Ljubljana (<a href=\"http:\/\/www.zrc-sazu.si\">http:\/\/www.zrc-sazu.si<\/a>) by Peter Weiss.<\/em><\/td>\n<\/tr>\n<\/table>\n<div style=\"text-align:right\"><a href=\"#\">\u2190&nbsp;&nbsp;Back to top<\/a><\/div>\n<p><a name=\"Dograjevanje\"><\/a><\/p>\n<p class=\"small\">&nbsp;<\/p>\n<h3>Is ZRCola continuously upgraded?<\/h3>\n<p>ZRCola is continuously being developed and upgraded at the <a href=\"http:\/\/isjfr.zrc-sazu.si\/#v\" target=\"_blank\">Fran Ramov\u0161 Institute of the Slovenian Language<\/a> in cooperation with <a href=\"https:\/\/www.amebis.si\/\" target=\"_blank\">Amebis<\/a>.<\/p>\n<p>Users can request that additional characters be added to the font by the editor using either the <a href=\"http:\/\/zrcola.zrc-sazu.si\/en\/contact\">website contact form<\/a> or the program&#8217;s Request a character function.<\/p>\n<p>Individual modifications and additions are possible in accordance with the <a href=\"http:\/\/www.gnu.org\/licenses\/gpl-3.0.html\" target=\"_blank\">GNU General Public License v3<\/a>.<\/p>\n<div style=\"text-align:right\"><a href=\"#\">\u2190&nbsp;&nbsp;Back to top<\/a><\/div>\n<p><a name=\"Ime_pomen\"><\/a><\/p>\n<p class=\"small\">&nbsp;<\/p>\n<h3>What does ZRCola stand for?<\/h3>\n<p>ZRC stands for Research Centre (slov. Znanstvenoraziskovalni center) of the Slovenian Academy of Sciences and Arts, which the Fran Ramov\u0161 Institute of the Slovenian Language, where the input system was developed, is a part of. OLA stands for the Slavic Linguistic Atlas (russ. <a href=\"http:\/\/ola.zrc-sazu.si\/OLB15ENG-uvod.htm\" target=\"_blank\">Ob\u0161\u010deslavjanskij lingvisti\u010deskij atlas\u0441<\/a>) and denotes the project that prompted the development of the input system together with the endeavours of Slovenian dialectology such as the <a href=\"http:\/\/www.fran.si\/150\/sla-slovenski-lingvisticni-atlas-1\" target=\"_blank\">Slovenian Linguistic Atlas<\/a>.<\/p>\n<div style=\"text-align:right\"><a href=\"#\">\u2190&nbsp;&nbsp;Back to top<\/a><\/div>\n<p><a name=\"00ZRCola\"><\/a><\/p>\n<p class=\"small\">&nbsp;<\/p>\n<h3>What is the relation between fonts ZRCola and 00 ZRCola?<\/h3>\n<p>Upon release of ZRCola 2, the name of the font was changed from the original 00 ZRCola to ZRCola because of the former\u2019s incompatibility with font-naming standards. Only the name of the font was changed, whereas the characters and their placement in the font have remained the same. Thus, a text can be easily converted from one font to the other by simply selecting a different font in the word-processing program, while the contents remain unchanged.<\/p>\n<div style=\"text-align:right\"><a href=\"#\">\u2190&nbsp;&nbsp;Back to top<\/a><\/div>\n","protected":false},"excerpt":{"rendered":"<p>Why isn&#8217;t ZRCola updating automatically on my computer? Is the use of ZRCola free of charge? Is ZRCola continuously upgraded? What does ZRCola stand for? What is the relation between fonts ZRCola and 00 ZRCola? &nbsp; Why isn&#8217;t ZRCola updating automatically on my computer? Unless you manually disabled this option during installation, ZRCola should update &hellip; <a href=\"https:\/\/zrcola.zrc-sazu.si\/en\/info\/faq\/\" class=\"more-link\">Continue reading<span class=\"screen-reader-text\"> &#8220;FAQ&#8221;<\/span><\/a><\/p>\n","protected":false},"author":2,"featured_media":0,"parent":28,"menu_order":30,"comment_status":"closed","ping_status":"closed","template":"","meta":[],"_links":{"self":[{"href":"https:\/\/zrcola.zrc-sazu.si\/en\/wp-json\/wp\/v2\/pages\/75"}],"collection":[{"href":"https:\/\/zrcola.zrc-sazu.si\/en\/wp-json\/wp\/v2\/pages"}],"about":[{"href":"https:\/\/zrcola.zrc-sazu.si\/en\/wp-json\/wp\/v2\/types\/page"}],"author":[{"embeddable":true,"href":"https:\/\/zrcola.zrc-sazu.si\/en\/wp-json\/wp\/v2\/users\/2"}],"replies":[{"embeddable":true,"href":"https:\/\/zrcola.zrc-sazu.si\/en\/wp-json\/wp\/v2\/comments?post=75"}],"version-history":[{"count":42,"href":"https:\/\/zrcola.zrc-sazu.si\/en\/wp-json\/wp\/v2\/pages\/75\/revisions"}],"predecessor-version":[{"id":270,"href":"https:\/\/zrcola.zrc-sazu.si\/en\/wp-json\/wp\/v2\/pages\/75\/revisions\/270"}],"up":[{"embeddable":true,"href":"https:\/\/zrcola.zrc-sazu.si\/en\/wp-json\/wp\/v2\/pages\/28"}],"wp:attachment":[{"href":"https:\/\/zrcola.zrc-sazu.si\/en\/wp-json\/wp\/v2\/media?parent=75"}],"curies":[{"name":"wp","href":"https:\/\/api.w.org\/{rel}","templated":true}]}}