{"id":58,"date":"2016-04-12T11:57:32","date_gmt":"2016-04-12T10:57:32","guid":{"rendered":"http:\/\/zrcola.zrc-sazu.si\/?page_id=58"},"modified":"2020-01-22T08:56:30","modified_gmt":"2020-01-22T08:56:30","slug":"contact","status":"publish","type":"page","link":"https:\/\/zrcola.zrc-sazu.si\/en\/contact\/","title":{"rendered":"Contact"},"content":{"rendered":"<p>ZRCola 2.0 beta<br \/>\nProgram and web site editor: <a href=\"http:\/\/isjfr.zrc-sazu.si\/sl\/sodelavci\/janos-jezovnik-sl\" target=\"_blank\" rel=\"noopener noreferrer\">Jano\u0161 Je\u017eovnik<\/a><br \/>\nDevelopment: <a href=\"http:\/\/www.amebis.si\" target=\"_blank\" rel=\"noopener noreferrer\">Amebis, d. o. o., Kamnik<\/a><br \/>\nTranslation into English: <a href=\"http:\/\/isjfr.zrc-sazu.si\/sl\/sodelavci\/janos-jezovnik-sl\" target=\"_blank\" rel=\"noopener noreferrer\">Jano\u0161 Je\u017eovnik<\/a>, Ur\u0161ka Honzak<br \/>\nTranslation into Russian: <a href=\"http:\/\/isjfr.zrc-sazu.si\/en\/sodelavci\/domen-krvina-en\" target=\"_blank\" rel=\"noopener noreferrer\">Domen Krvina<\/a>, <a href=\"http:\/\/isjfr.zrc-sazu.si\/en\/sodelavci\/silvo-torkar-en\" target=\"_blank\" rel=\"noopener noreferrer\">Silvo Torkar<\/a>, Anastasia Plotnikova<br \/>\nDevelopment and maintenance of the original program (2004\u20132015): <a href=\"http:\/\/isjfr.zrc-sazu.si\/en\/sodelavci\/peter-weiss-en\" target=\"_blank\" rel=\"noopener noreferrer\">Peter Weiss<\/a><\/p>\n<p>\u00a9 2004\u20132019 <a href=\"http:\/\/isjfr.zrc-sazu.si\/en\/predstavitev\" target=\"_blank\" rel=\"noopener noreferrer\">ISJFR ZRC SAZU<\/a><\/p>\n<p>Email: <a href=\"mailto:ZRCola@zrc-sazu.si\">ZRCola@zrc-sazu.si<\/a><\/p>\n","protected":false},"excerpt":{"rendered":"<p>ZRCola 2.0 beta Program and web site editor: Jano\u0161 Je\u017eovnik Development: Amebis, d. o. o., Kamnik Translation into English: Jano\u0161 Je\u017eovnik, Ur\u0161ka Honzak Translation into Russian: Domen Krvina, Silvo Torkar, Anastasia Plotnikova Development and maintenance of the original program (2004\u20132015): Peter Weiss \u00a9 2004\u20132019 ISJFR ZRC SAZU Email: ZRCola@zrc-sazu.si<\/p>\n","protected":false},"author":1,"featured_media":0,"parent":0,"menu_order":80,"comment_status":"closed","ping_status":"closed","template":"","meta":[],"_links":{"self":[{"href":"https:\/\/zrcola.zrc-sazu.si\/en\/wp-json\/wp\/v2\/pages\/58"}],"collection":[{"href":"https:\/\/zrcola.zrc-sazu.si\/en\/wp-json\/wp\/v2\/pages"}],"about":[{"href":"https:\/\/zrcola.zrc-sazu.si\/en\/wp-json\/wp\/v2\/types\/page"}],"author":[{"embeddable":true,"href":"https:\/\/zrcola.zrc-sazu.si\/en\/wp-json\/wp\/v2\/users\/1"}],"replies":[{"embeddable":true,"href":"https:\/\/zrcola.zrc-sazu.si\/en\/wp-json\/wp\/v2\/comments?post=58"}],"version-history":[{"count":29,"href":"https:\/\/zrcola.zrc-sazu.si\/en\/wp-json\/wp\/v2\/pages\/58\/revisions"}],"predecessor-version":[{"id":297,"href":"https:\/\/zrcola.zrc-sazu.si\/en\/wp-json\/wp\/v2\/pages\/58\/revisions\/297"}],"wp:attachment":[{"href":"https:\/\/zrcola.zrc-sazu.si\/en\/wp-json\/wp\/v2\/media?parent=58"}],"curies":[{"name":"wp","href":"https:\/\/api.w.org\/{rel}","templated":true}]}}